{"id":20,"date":"2024-11-04T19:59:09","date_gmt":"2024-11-04T19:59:09","guid":{"rendered":"https:\/\/wulkantop.pl\/?page_id=20"},"modified":"2025-06-03T18:17:10","modified_gmt":"2025-06-03T18:17:10","slug":"home","status":"publish","type":"page","link":"https:\/\/wulkantop.pl\/","title":{"rendered":"Profesjonalna wulkanizacja i serwis opon \u2013 WULKANTOP"},"content":{"rendered":"\n<p><em>Zajmujemy si\u0119 kompleksow\u0105 obs\u0142ug\u0105 Twoich k\u00f3\u0142 \u2013 od wulkanizacji przez wywa\u017canie po sprzeda\u017c opon. Dzia\u0142amy szybko, solidnie i tanio! Zapraszamy do naszego warsztatu.<\/em><\/p>\n","protected":false},"excerpt":{"rendered":"<p>Zajmujemy si\u0119 kompleksow\u0105 obs\u0142ug\u0105 Twoich k\u00f3\u0142 \u2013 od wulkanizacji przez wywa\u017canie po sprzeda\u017c opon. Dzia\u0142amy szybko, solidnie i tanio! Zapraszamy do naszego warsztatu.<\/p>\n","protected":false},"author":1,"featured_media":29,"parent":0,"menu_order":0,"comment_status":"closed","ping_status":"closed","template":"","meta":{"om_disable_all_campaigns":false,"_monsterinsights_skip_tracking":false,"_monsterinsights_sitenote_active":false,"_monsterinsights_sitenote_note":"","_monsterinsights_sitenote_category":0,"footnotes":""},"aioseo_notices":[],"_links":{"self":[{"href":"https:\/\/wulkantop.pl\/index.php\/wp-json\/wp\/v2\/pages\/20"}],"collection":[{"href":"https:\/\/wulkantop.pl\/index.php\/wp-json\/wp\/v2\/pages"}],"about":[{"href":"https:\/\/wulkantop.pl\/index.php\/wp-json\/wp\/v2\/types\/page"}],"author":[{"embeddable":true,"href":"https:\/\/wulkantop.pl\/index.php\/wp-json\/wp\/v2\/users\/1"}],"replies":[{"embeddable":true,"href":"https:\/\/wulkantop.pl\/index.php\/wp-json\/wp\/v2\/comments?post=20"}],"version-history":[{"count":2,"href":"https:\/\/wulkantop.pl\/index.php\/wp-json\/wp\/v2\/pages\/20\/revisions"}],"predecessor-version":[{"id":52,"href":"https:\/\/wulkantop.pl\/index.php\/wp-json\/wp\/v2\/pages\/20\/revisions\/52"}],"wp:featuredmedia":[{"embeddable":true,"href":"https:\/\/wulkantop.pl\/index.php\/wp-json\/wp\/v2\/media\/29"}],"wp:attachment":[{"href":"https:\/\/wulkantop.pl\/index.php\/wp-json\/wp\/v2\/media?parent=20"}],"curies":[{"name":"wp","href":"https:\/\/api.w.org\/{rel}","templated":true}]}}