{"id":21,"date":"2024-11-04T19:59:09","date_gmt":"2024-11-04T19:59:09","guid":{"rendered":"https:\/\/wulkantop.pl\/?page_id=21"},"modified":"2025-06-03T19:49:34","modified_gmt":"2025-06-03T19:49:34","slug":"about","status":"publish","type":"page","link":"https:\/\/wulkantop.pl\/index.php\/about\/","title":{"rendered":"NASZE US\u0141UGI"},"content":{"rendered":"\n<ol start=\"1\">\n<li><strong>Wulkanizacja<\/strong><br><em>Naprawa przebi\u0107, klejenie opon, wymiana d\u0119tek. Dzia\u0142amy na r\u00f3\u017cnych rodzajach opon \u2013 osobowe, dostawcze, terenowe.<\/em><\/li>\n\n\n\n<li><strong>Wymiana i przechowywanie opon<\/strong><br><em>Profesjonalny monta\u017c opon letnich\/zimowych oraz mo\u017cliwo\u015b\u0107 sezonowego przechowania.<\/em><\/li>\n\n\n\n<li><strong>Wywa\u017canie k\u00f3\u0142<\/strong><br><em>Komputerowe wywa\u017canie dla p\u0142ynnej jazdy bez wibracji.<\/em><\/li>\n\n\n\n<li><strong>Naprawa felg<\/strong><br><em>Prostowanie stalowych i aluminiowych felg.<\/em><\/li>\n<\/ol>\n","protected":false},"excerpt":{"rendered":"","protected":false},"author":1,"featured_media":61,"parent":0,"menu_order":0,"comment_status":"closed","ping_status":"closed","template":"","meta":{"om_disable_all_campaigns":false,"_monsterinsights_skip_tracking":false,"_monsterinsights_sitenote_active":false,"_monsterinsights_sitenote_note":"","_monsterinsights_sitenote_category":0,"footnotes":""},"aioseo_notices":[],"_links":{"self":[{"href":"https:\/\/wulkantop.pl\/index.php\/wp-json\/wp\/v2\/pages\/21"}],"collection":[{"href":"https:\/\/wulkantop.pl\/index.php\/wp-json\/wp\/v2\/pages"}],"about":[{"href":"https:\/\/wulkantop.pl\/index.php\/wp-json\/wp\/v2\/types\/page"}],"author":[{"embeddable":true,"href":"https:\/\/wulkantop.pl\/index.php\/wp-json\/wp\/v2\/users\/1"}],"replies":[{"embeddable":true,"href":"https:\/\/wulkantop.pl\/index.php\/wp-json\/wp\/v2\/comments?post=21"}],"version-history":[{"count":2,"href":"https:\/\/wulkantop.pl\/index.php\/wp-json\/wp\/v2\/pages\/21\/revisions"}],"predecessor-version":[{"id":59,"href":"https:\/\/wulkantop.pl\/index.php\/wp-json\/wp\/v2\/pages\/21\/revisions\/59"}],"wp:featuredmedia":[{"embeddable":true,"href":"https:\/\/wulkantop.pl\/index.php\/wp-json\/wp\/v2\/media\/61"}],"wp:attachment":[{"href":"https:\/\/wulkantop.pl\/index.php\/wp-json\/wp\/v2\/media?parent=21"}],"curies":[{"name":"wp","href":"https:\/\/api.w.org\/{rel}","templated":true}]}}